{"id":84,"date":"2018-05-08T21:23:18","date_gmt":"2018-05-08T21:23:18","guid":{"rendered":"https:\/\/www.puppe-zerbst.de\/?page_id=84"},"modified":"2018-05-08T21:26:05","modified_gmt":"2018-05-08T21:26:05","slug":"datenschutz","status":"publish","type":"page","link":"https:\/\/www.puppe-zerbst.de\/?page_id=84","title":{"rendered":"Datenschutz"},"content":{"rendered":"<p><strong>Datenschutzerkl\u00e4rung<\/strong><\/p>\n<p>Der Schutz und die Sicherheit Ihrer pers\u00f6nlichen Daten stehen f\u00fcr uns an erster Stelle. Ihre personenbezogenen Daten\u00a0 werden von uns stets vertraulich und entsprechend der gesetzlichen Datenschutzvorschriften behandelt. Nachfolgend informieren wir Sie dar\u00fcber, welche Art von Daten w\u00e4hrend Ihres Besuchs erfasst, zu welchem Zweck sie erhoben und wie lange diese gespeichert werden.<\/p>\n<p>Verantwortliche Stelle siehe <a href=\"https:\/\/www.puppe-zerbst.de\/?page_id=28\"><u>Kontakt im Impressum.<\/u><\/a><\/p>\n<p><strong>Rechte hinsichtlich personenbezogener Daten<\/strong><\/p>\n<p>Die Nutzung unseres Internetangebots ist grunds\u00e4tzlich auch ohne Bekanntgabe Ihrer personenbezogenen Informationen m\u00f6glich.<\/p>\n<p>Auf Antrag erhalten Sie von uns jederzeit unentgeltlich Auskunft \u00fcber die zu Ihrer Person gespeicherten Daten und k\u00f6nnen unrichtige Daten berichtigen lassen (Art. 15 und Art. 16 DSGVO). Sofern die gesetzlichen Voraussetzungen vorliegen, k\u00f6nnen Sie auch eine Sperrung oder L\u00f6schung der gespeicherten Daten verlangen (Art. 17 und Art. 18 DSGVO).<\/p>\n<p>Sofern Ihre personenbezogenen Daten auf Grundlage von berechtigten Interessen gem\u00e4\u00df Art. 6 Abs. 1 S. 1 lit. f DSGVO bei uns verarbeitet werden, haben Sie das Recht, gem\u00e4\u00df Art. 21 DSGVO Widerspruch gegen die Verarbeitung Ihrer personenbezogenen Daten einzulegen, soweit daf\u00fcr Gr\u00fcnde vorliegen, die sich aus Ihrer besonderen Situation ergeben oder sich der Widerspruch gegen Direktwerbung richtet. Im letzteren Fall haben Sie ein generelles Widerspruchsrecht, das ohne Angabe einer besonderen Situation von uns umgesetzt wird. M\u00f6chten Sie von Ihrem Widerrufs- oder Widerspruchsrecht Gebrauch machen, gen\u00fcgt eine E-Mail oder per Fax an die o.g. Kontaktdaten der verantwortlichen Stelle.<\/p>\n<p><strong>Zustimmung (Einwilligung) zur Erhebung, Nutzung und Verarbeitung personenbezogener Daten<\/strong><\/p>\n<p>Au\u00dferhalb gesetzlicher Verpflichtungen d\u00fcrfen personenbezogene Daten nur mit (und im Rahmen) Ihrer Zustimmung erhoben, genutzt oder verarbeitet werden. Um dies zu gew\u00e4hrleisten, k\u00f6nnen Sie, w\u00e4hrend der Nutzung unseres Internetangebots, an verschiedenen Stellen aufgefordert werden, unseren Datenschutzbestimmungen, oder der Verarbeitung Ihrer Daten zu einem bestimmten Zweck zuzustimmen. Aus der Nicht-Einwilligung oder einem Widerruf darf Ihnen kein Nachteil entstehen. Ein Widerruf kann nur mit Wirkung f\u00fcr die Zukunft erkl\u00e4rt werden.<\/p>\n<p><strong><em>Wenn sie Ihre Einwilligung widerrufen m\u00f6chten <\/em><\/strong>klicken Sie bitte hier: <a href=\"https:\/\/www.puppe-zerbst.de\/?page_id=28\">Kontakt im Impressum.<\/a><\/p>\n<p><strong>Einwilligung durch Minderj\u00e4hrige<\/strong><\/p>\n<p>Personen unter 18 Jahren sollten ohne Zustimmung der Erziehungsberechtigten keine personenbezogenen Daten an uns \u00fcbermitteln. Gem\u00e4\u00df Art. 8 DSGVO d\u00fcrfen Kinder bis 16 Jahre solche Einwilligungen nur mit Zustimmung der Erziehungsberechtigten erkl\u00e4ren. Personenbezogene Daten von Minderj\u00e4hrigen werden nicht bewusst erhoben und verarbeitet.<\/p>\n<p><strong>Offenlegung und Weitergabe personenbezogener Daten<\/strong><\/p>\n<p>Alle personenbezogenen Daten werden ausschlie\u00dflich mit Ihrer ausdr\u00fccklichen Zustimmung, oder aufgrund gesetzlicher Verpflichtung, weitergegeben und werden f\u00fcr keine anderen Zwecke, als die in unserer Datenschutzerkl\u00e4rung genannten, verwendet.<\/p>\n<p><strong>Elektronische Post (E-Mail)<\/strong><\/p>\n<p>Wenn Sie uns E-Mails senden wird Ihre E-Mail-Adresse nur f\u00fcr die Korrespondenz mit Ihnen verwendet. Informationen, die Sie unverschl\u00fcsselt per E-Mail an uns senden k\u00f6nnen m\u00f6glicherweise auf dem \u00dcbertragungsweg von Dritten gelesen werden. Wir k\u00f6nnen in der Regel auch Ihre Identit\u00e4t nicht \u00fcberpr\u00fcfen und wissen nicht, wer sich hinter einer E-Mail-Adresse verbirgt, so dass eine rechtssichere Kommunikation durch einfache E-Mail daher nicht gew\u00e4hrleistet ist.<\/p>\n<p>Wir setzen zudem sog. SPAM-Filter gegen unerw\u00fcnschte Werbung ein, die in seltenen F\u00e4llen auch normale E-Mails f\u00e4lschlicherweise automatisch als unerw\u00fcnschte Werbung einordnen und l\u00f6schen k\u00f6nnen. E-Mails, die sch\u00e4digende Programme (\u201eViren\u201c) enthalten, werden von uns in jedem Fall -automatisch gel\u00f6scht. Wegen der generellen Unsicherheit im E-Mail-Verkehr kann nicht gew\u00e4hrleistet werden, dass eine versandte E-Mail den Adressaten erreicht. \u00dcberpr\u00fcfen Sie also, ob f\u00fcr Ihre Zwecke das E-Mail tats\u00e4chlich die geeignete Versandart ist.<\/p>\n<p>Wird per E-Mail an uns herangetreten, gehen wir davon aus, dass Sie mit der Kommunikation auf diesem Wege einverstanden sind und diese so stattfinden kann, soweit gesetzliche Vorschriften dem nicht entgegenstehen.<\/p>\n<p><strong>Angaben zu automatisierten Datenerfassung und Speicherung<\/strong><\/p>\n<p><strong>Protokollierung<\/strong><\/p>\n<p>Beim Aufrufen unserer Webseiten werden durch den auf Ihrem Endger\u00e4t zum Einsatz kommenden Browser automatisch Informationen an den Server unserer Website gesendet. Diese Informationen werden tempor\u00e4r in einem sog. Logfile gespeichert. Folgende Informationen werden dabei ohne Ihr Zutun erfasst und bis zur automatisierten L\u00f6schung gespeichert:<\/p>\n<ul>\n<li>IP-Adresse des anfragenden Rechners\/Routers,<\/li>\n<li>Datum und Uhrzeit des Zugriffs,<\/li>\n<li>Name und URL der abgerufenen Datei,<\/li>\n<li>Website, von der aus der Zugriff erfolgt (Referrer-URL),<\/li>\n<li>verwendeter Browser und ggf. das Betriebssystem Ihres Rechners sowie der Name Ihres Access-Providers.<\/li>\n<\/ul>\n<p>Nach Ende der Verbindung werden diese Daten aus Gr\u00fcnden (zum Zweck) der technischen Sicherheit, insbesondere zur Abwehr von Angriffsversuchen auf unseren Webserver, von uns protokoliert. Dessen ungeachtet behalten wir uns vor IP-Adressen bei Angriffen auf die Internet-Infrastruktur zu verwerten. Die Daten werden ausschlie\u00dflich zu diesem Zweck und zu statistischen Zwecken verarbeitet, ein Abgleich mit anderen Datenbest\u00e4nden oder eine Weitergabe an Dritte, auch in Ausz\u00fcgen, findet nicht statt.<\/p>\n<p>Die Rechtsgrundlage f\u00fcr die Datenverarbeitung ergibt sich aus Art. 6 Abs. 1 S. 1 lit. f DSGVO. Unser berechtigtes Interesse folgt aus oben aufgelisteten Zwecken zur Datenerhebung.<\/p>\n<p><strong>Cookies<\/strong><\/p>\n<p>Die Internetseiten verwenden teilweise so genannte Cookies. Cookies richten auf Ihrem Rechner keinen Schaden an und enthalten keine Viren. Cookies dienen dazu, unser Angebot nutzerfreundlicher, effektiver und sicherer zu machen. Cookies sind kleine Textdateien, die auf Ihrem Rechner abgelegt werden und die Ihr Browser speichert.<\/p>\n<p>Die meisten der von uns verwendeten Cookies sind so genannte \u201cSession-Cookies\u201d. Sie werden nach Ende Ihres Besuchs automatisch gel\u00f6scht. Andere Cookies bleiben auf Ihrem Endger\u00e4t gespeichert bis Sie diese l\u00f6schen. Diese Cookies erm\u00f6glichen es uns, Ihren Browser beim n\u00e4chsten Besuch wiederzuerkennen.<\/p>\n<p>Sie k\u00f6nnen Ihren Browser so einstellen, dass Sie \u00fcber das Setzen von Cookies informiert werden und Cookies nur im Einzelfall erlauben, die Annahme von Cookies f\u00fcr bestimmte F\u00e4lle oder generell ausschlie\u00dfen sowie das automatische L\u00f6schen der Cookies beim Schlie\u00dfen des Browser aktivieren. Bei der Deaktivierung von Cookies kann die Funktionalit\u00e4t dieser Website eingeschr\u00e4nkt sein.<\/p>\n<p>Cookies, die zur Durchf\u00fchrung des elektronischen Kommunikationsvorgangs oder zur Bereitstellung bestimmter, von Ihnen erw\u00fcnschter Funktionen erforderlich sind, werden auf Grundlage von Art. 6 Abs. 1 lit. f DSGVO gespeichert. DNetz hat ein berechtigtes Interesse an der Speicherung von Cookies zur technisch fehlerfreien und optimierten Bereitstellung seiner Dienste. Soweit andere Cookies (z.B. Cookies zur Analyse Ihres Surfverhaltens) gespeichert werden, werden diese in dieser Datenschutzerkl\u00e4rung gesondert behandelt.<\/p>\n<p><strong>Aktive Komponenten und Plugins<\/strong><\/p>\n<p>Im Informationsangebot unserer Webseiten werden unter Umst\u00e4nden aktive Komponenten, wie JavaScript, Java-Applets oder Active-X-Controls, verwendet. Diese Funktionen k\u00f6nnen in den Browser-Einstellungen Ihres Internetbrowsers deaktiviert werden.<\/p>\n<p><strong>Verwendung von Webfonts<\/strong><\/p>\n<p>Diese Seite nutzt zur einheitlichen Darstellung von Schriftarten so genannte Web Fonts, die von Google bereitgestellt werden. Beim Aufruf einer Seite l\u00e4dt Ihr Browser die ben\u00f6tigten Web Fonts in ihren Browsercache, um Texte und Schriftarten korrekt anzuzeigen.<\/p>\n<p>Zu diesem Zweck muss der von Ihnen verwendete Browser Verbindung zu den Servern von Google aufnehmen. Hierdurch erlangt Google Kenntnis dar\u00fcber, dass \u00fcber Ihre IP-Adresse unsere Website aufgerufen wurde. Die Nutzung von Google Web Fonts erfolgt im Interesse einer einheitlichen und ansprechenden Darstellung unserer Online-Angebote. Dies stellt ein berechtigtes Interesse im Sinne von Art. 6 Abs. 1 lit. f DSGVO dar.<\/p>\n<p>Wenn Ihr Browser Web Fonts nicht unterst\u00fctzt, wird eine Standardschrift von Ihrem Computer genutzt.<\/p>\n<p>Weitere Informationen zu Google Web Fonts finden Sie<br \/>\nunter: <a href=\"https:\/\/developers.google.com\/fonts\/faq\">https:\/\/developers.google.com\/fonts\/faq<\/a> und in der Datenschutzerkl\u00e4rung von<br \/>\nGoogle: <a href=\"https:\/\/www.google.com\/policies\/privacy\/\">https:\/\/www.google.com\/policies\/privacy\/<\/a><\/p>\n<p><strong>Social Media Plugins<\/strong><\/p>\n<p>Wir setzen derzeit keine Social Media Plugins ein.<\/p>\n<p>Aufgrund der derzeit noch unsicheren Rechtslage haben wir uns entschieden auf Social Media Plugins (wie die von Facebook, Google+, LinkedIn, Twitter, Xing, etc.) vorerst zu verzichten.<\/p>\n<p><strong>Webtracking<\/strong><\/p>\n<p><strong>Auswertung des Nutzerverhaltens (Webtracking-Systeme)<\/strong><\/p>\n<p>Wir setzten derzeit wissentlich keine Programme zur Auswertung des Nutzerverhaltens (Webtracking) ein.<\/p>\n<p><strong>Disclaimer Haftung f\u00fcr Inhalte und Externer Links<\/strong><\/p>\n<p><strong>Haftung f\u00fcr Inhalte<\/strong><\/p>\n<p>Als Diensteanbieter sind wir gem\u00e4\u00df \u00a7 7 Abs.1 TMG f\u00fcr eigene Inhalte auf diesen Seiten nach den allgemeinen Gesetzen verantwortlich. Nach \u00a7\u00a7 8 bis 10 TMG sind wir als Diensteanbieter jedoch nicht verpflichtet, \u00fcbermittelte oder gespeicherte fremde Informationen zu \u00fcberwachen oder nach Umst\u00e4nden zu forschen, die auf eine rechtswidrige T\u00e4tigkeit hinweisen.<\/p>\n<p>Verpflichtungen zur Entfernung oder Sperrung der Nutzung von Informationen nach den allgemeinen Gesetzen bleiben hiervon unber\u00fchrt. Eine diesbez\u00fcgliche Haftung ist jedoch erst ab dem Zeitpunkt der Kenntnis einer konkreten Rechtsverletzung m\u00f6glich. Bei Bekanntwerden von entsprechenden Rechtsverletzungen werden wir diese Inhalte umgehend entfernen.<\/p>\n<p><strong>Haftung f\u00fcr Links<\/strong><\/p>\n<p>Unser Angebot enth\u00e4lt Links zu externen Websites Dritter, auf deren Inhalte wir keinen Einfluss haben. Deshalb k\u00f6nnen wir f\u00fcr diese fremden Inhalte auch keine Gew\u00e4hr \u00fcbernehmen. F\u00fcr die Inhalte der verlinkten Seiten ist stets der jeweilige Anbieter oder Betreiber der Seiten verantwortlich. Die verlinkten Seiten wurden zum Zeitpunkt der Verlinkung auf m\u00f6gliche Rechtsverst\u00f6\u00dfe \u00fcberpr\u00fcft. Rechtswidrige Inhalte waren zum Zeitpunkt der Verlinkung nicht erkennbar.<\/p>\n<p>Eine permanente inhaltliche Kontrolle der verlinkten Seiten ist jedoch ohne konkrete Anhaltspunkte einer Rechtsverletzung nicht zumutbar. Bei Bekanntwerden von Rechtsverletzungen werden wir derartige Links umgehend entfernen.<\/p>\n<p><strong>\u00c4nderungen der Datenschutzerkl\u00e4rung<\/strong><\/p>\n<p>Wir behalten uns vor diese Datenschutzerkl\u00e4rung zu \u00e4ndern, um sie an ge\u00e4nderte Rechtslagen und technische Standards anzupassen. Unserer Nutzer werden gebeten sich regelm\u00e4\u00dfig zu informieren.<\/p>\n","protected":false},"excerpt":{"rendered":"<p>Datenschutzerkl\u00e4rung Der Schutz und die Sicherheit Ihrer pers\u00f6nlichen Daten stehen f\u00fcr uns an erster Stelle. Ihre personenbezogenen Daten\u00a0 werden von uns stets vertraulich und entsprechend der gesetzlichen Datenschutzvorschriften behandelt. Nachfolgend informieren wir Sie dar\u00fcber, welche Art von Daten w\u00e4hrend Ihres Besuchs erfasst, zu welchem Zweck sie erhoben und wie lange diese gespeichert werden. Verantwortliche Stelle <a href=\"https:\/\/www.puppe-zerbst.de\/?page_id=84\" class=\"more-link\">...weiterlesen<span class=\"screen-reader-text\"> \"Datenschutz\"<\/span><\/a><\/p>\n","protected":false},"author":1,"featured_media":0,"parent":0,"menu_order":0,"comment_status":"closed","ping_status":"closed","template":"","meta":{"footnotes":""},"class_list":["post-84","page","type-page","status-publish","h-entry","hentry","h-as-page"],"_links":{"self":[{"href":"https:\/\/www.puppe-zerbst.de\/index.php?rest_route=\/wp\/v2\/pages\/84","targetHints":{"allow":["GET"]}}],"collection":[{"href":"https:\/\/www.puppe-zerbst.de\/index.php?rest_route=\/wp\/v2\/pages"}],"about":[{"href":"https:\/\/www.puppe-zerbst.de\/index.php?rest_route=\/wp\/v2\/types\/page"}],"author":[{"embeddable":true,"href":"https:\/\/www.puppe-zerbst.de\/index.php?rest_route=\/wp\/v2\/users\/1"}],"replies":[{"embeddable":true,"href":"https:\/\/www.puppe-zerbst.de\/index.php?rest_route=%2Fwp%2Fv2%2Fcomments&post=84"}],"version-history":[{"count":2,"href":"https:\/\/www.puppe-zerbst.de\/index.php?rest_route=\/wp\/v2\/pages\/84\/revisions"}],"predecessor-version":[{"id":86,"href":"https:\/\/www.puppe-zerbst.de\/index.php?rest_route=\/wp\/v2\/pages\/84\/revisions\/86"}],"wp:attachment":[{"href":"https:\/\/www.puppe-zerbst.de\/index.php?rest_route=%2Fwp%2Fv2%2Fmedia&parent=84"}],"curies":[{"name":"wp","href":"https:\/\/api.w.org\/{rel}","templated":true}]}}