{"id":28,"date":"2017-10-26T06:26:32","date_gmt":"2017-10-26T06:26:32","guid":{"rendered":"https:\/\/www.puppe-zerbst.de\/?page_id=28"},"modified":"2025-05-31T21:38:47","modified_gmt":"2025-05-31T21:38:47","slug":"impressum","status":"publish","type":"page","link":"https:\/\/www.puppe-zerbst.de\/?page_id=28","title":{"rendered":"Impressum"},"content":{"rendered":"<p><strong>Impressum:<\/strong><\/p>\n<p>J\u00fcrgen Puppe\u00a0GmbH<br \/>\nMedizintechnik &amp; Sanit\u00e4tshaus<\/p>\n<p>Gesch\u00e4ftsf\u00fchrer: J\u00fcrgen Puppe<br \/>\nAmtsgericht\u00a0Stendal HRB 11471<br \/>\nSteuer-Nr.: 114 11 04798<br \/>\nUST-IdNr.: DE 139776904<\/p>\n<p>Coswiger Stra\u00dfe 18<br \/>\n39261 Zerbst<\/p>\n<p>Tel:\u00a0 03923\/780188<br \/>\nFax: 03923\/780189<\/p>\n<p>eMail:\u00a0<a href=\"mailto:service@puppe-zerbst.de\">service@puppe-zerbst.de<br \/>\n<\/a>Internet:\u00a0<a href=\"https:\/\/www.puppe-zerbst.de\/\">www.puppe-zerbst.de<\/a><\/p>\n<p>Verantwortlicher im Sinne des Telemediengesetzes (TMG) : J\u00fcrgen Puppe<\/p>\n<p>Die Informationen auf dieser Website wurden mit Sorgfalt zusammengestellt. Gleichwohl wird keine Gew\u00e4hr f\u00fcr die Richtigkeit oder Vollst\u00e4ndigkeit \u00fcbernommen. Jegliche Haftung f\u00fcr eventuelle Sch\u00e4den im Zusammenhang mit der Nutzung dieses Angebotes ist ausgeschlossen. Der gesamte Inhalt dieser Website unterliegt dem Urheberrecht. Unerlaubte Verwendung, Reproduktion oder Wiedergabe des Inhalts oder von Teilen des Inhalts ist untersagt. S\u00e4mtliche Urheber- und Leistungsschutzrechte bleiben vorbehalten. Eine Nutzung des Inhalts dieser Website oder von Teilen des Inhalts darf nur nach Genehmigung durch die Rechteinhaber erfolgen.<\/p>\n<p>Die aufgef\u00fchrten externen Links f\u00fchren zu Inhalten fremder Anbieter. F\u00fcr diese Inhalte ist allein der jeweilige Anbieter verantwortlich. Bei bekannt werden von Rechtsverletzungen werden diese Links umgehend entfernt.<\/p>\n<p>Die J\u00fcrgen Puppe GmbH Medizintechnik &amp; Sanit\u00e4tshaus beteiligt sich nicht an Verbraucherschlichtungsverfahren nach dem Verbraucherstreitbeilegungsgesetz.<\/p>\n<p><strong>F\u00fcr unseren Online-Shop gilt:<\/strong><br \/>\nVerweis auf die Online-Streitbeilegungswebseite der Europ\u00e4ischen Kommission<\/p>\n<p>Die Europ\u00e4ische Kommission hat eine Internetplattform zur Online-Beilegung von Streitigkeiten eingerichtet. Die Plattform dient als Anlaufstelle zur au\u00dfergerichtlichen Beilegung von Streitigkeiten \u00fcber vertragliche Verpflichtungen aus Kauf- und Dienstleistungsvertr\u00e4gen, die online geschlossen wurden. Sie k\u00f6nnen die Plattform unter dem folgenden Link erreichen: <a href=\"https:\/\/ec.europa.eu\/consumers\/odr\" target=\"_blank\" rel=\"noopener\">https:\/\/ec.europa.eu\/consumers\/odr<\/a><\/p>\n","protected":false},"excerpt":{"rendered":"<p>Impressum: J\u00fcrgen Puppe\u00a0GmbH Medizintechnik &amp; Sanit\u00e4tshaus Gesch\u00e4ftsf\u00fchrer: J\u00fcrgen Puppe Amtsgericht\u00a0Stendal HRB 11471 Steuer-Nr.: 114 11 04798 UST-IdNr.: DE 139776904 Coswiger Stra\u00dfe 18 39261 Zerbst Tel:\u00a0 03923\/780188 Fax: 03923\/780189 eMail:\u00a0service@puppe-zerbst.de Internet:\u00a0www.puppe-zerbst.de Verantwortlicher im Sinne des Telemediengesetzes (TMG) : J\u00fcrgen Puppe Die Informationen auf dieser Website wurden mit Sorgfalt zusammengestellt. Gleichwohl wird keine Gew\u00e4hr f\u00fcr die Richtigkeit <a href=\"https:\/\/www.puppe-zerbst.de\/?page_id=28\" class=\"more-link\">...weiterlesen<span class=\"screen-reader-text\"> \"Impressum\"<\/span><\/a><\/p>\n","protected":false},"author":1,"featured_media":0,"parent":0,"menu_order":0,"comment_status":"closed","ping_status":"closed","template":"","meta":{"footnotes":""},"class_list":["post-28","page","type-page","status-publish","h-entry","hentry","h-as-page"],"_links":{"self":[{"href":"https:\/\/www.puppe-zerbst.de\/index.php?rest_route=\/wp\/v2\/pages\/28","targetHints":{"allow":["GET"]}}],"collection":[{"href":"https:\/\/www.puppe-zerbst.de\/index.php?rest_route=\/wp\/v2\/pages"}],"about":[{"href":"https:\/\/www.puppe-zerbst.de\/index.php?rest_route=\/wp\/v2\/types\/page"}],"author":[{"embeddable":true,"href":"https:\/\/www.puppe-zerbst.de\/index.php?rest_route=\/wp\/v2\/users\/1"}],"replies":[{"embeddable":true,"href":"https:\/\/www.puppe-zerbst.de\/index.php?rest_route=%2Fwp%2Fv2%2Fcomments&post=28"}],"version-history":[{"count":5,"href":"https:\/\/www.puppe-zerbst.de\/index.php?rest_route=\/wp\/v2\/pages\/28\/revisions"}],"predecessor-version":[{"id":132,"href":"https:\/\/www.puppe-zerbst.de\/index.php?rest_route=\/wp\/v2\/pages\/28\/revisions\/132"}],"wp:attachment":[{"href":"https:\/\/www.puppe-zerbst.de\/index.php?rest_route=%2Fwp%2Fv2%2Fmedia&parent=28"}],"curies":[{"name":"wp","href":"https:\/\/api.w.org\/{rel}","templated":true}]}}