{"id":22,"date":"2017-10-26T06:25:45","date_gmt":"2017-10-26T06:25:45","guid":{"rendered":"https:\/\/www.puppe-zerbst.de\/?page_id=22"},"modified":"2018-05-10T18:47:12","modified_gmt":"2018-05-10T18:47:12","slug":"wir-ueber-uns","status":"publish","type":"page","link":"https:\/\/www.puppe-zerbst.de\/?page_id=22","title":{"rendered":"Wir \u00fcber uns"},"content":{"rendered":"<p>Das Sanit\u00e4tshaus J\u00fcrgen Puppe ist seit vielen Jahren\u00a0 Partner des gesamten Heilwesens. Als\u00a0 Dienstleister sorgen wir uns um Patienten, Arztpraxen, Krankenh\u00e4user und Altenheime. Wir versorgen Sie mit Hilfsmitteln, Pflegeprodukten,Bedarfs- und Verbrauchsg\u00fctern, planen und realisieren praxisgerechte Einrichtungen. Ein qualifiziertes Team ber\u00e4t vor Ort in allen Fragen, wo Produkt-Kenntnisse und Erfahrung gefordert werden. Als Mitglied der Co-med Unternehmensgruppe arbeiten \u00fcber 60 selbst\u00e4ndige Fachhandelsfirmen in Deutschland zusammen, um Sie durch gemeinsamen Einkauf schnell und g\u00fcnstig zu beliefern.<\/p>\n<p>Unser technischer Service steht unseren Kunden mit Wartungen und Reparaturen an Ger\u00e4ten zur Seite. Sicherheitstechnische Pr\u00fcfungen\u00a0 geh\u00f6ren ebenfalls zum Service-Umfang.<\/p>\n<p>Wir unterhalten einen eigenen Lieferdienst, um Ihnen Hilfsmittel,Praxis- und Sprechstundenbedarf direkt und termingerecht in die Praxis oder nach Hause zu bringen. Mit unserem kompetenten umfassenden Service sorgen wir daf\u00fcr, dass St\u00f6rungen in der Praxis-Routine m\u00f6glichst kurz gehalten oder vermieden werden.<\/p>\n","protected":false},"excerpt":{"rendered":"<p>Das Sanit\u00e4tshaus J\u00fcrgen Puppe ist seit vielen Jahren\u00a0 Partner des gesamten Heilwesens. Als\u00a0 Dienstleister sorgen wir uns um Patienten, Arztpraxen, Krankenh\u00e4user und Altenheime. Wir versorgen Sie mit Hilfsmitteln, Pflegeprodukten,Bedarfs- und Verbrauchsg\u00fctern, planen und realisieren praxisgerechte Einrichtungen. Ein qualifiziertes Team ber\u00e4t vor Ort in allen Fragen, wo Produkt-Kenntnisse und Erfahrung gefordert werden. Als Mitglied der Co-med <a href=\"https:\/\/www.puppe-zerbst.de\/?page_id=22\" class=\"more-link\">...weiterlesen<span class=\"screen-reader-text\"> \"Wir \u00fcber uns\"<\/span><\/a><\/p>\n","protected":false},"author":1,"featured_media":0,"parent":0,"menu_order":0,"comment_status":"closed","ping_status":"closed","template":"","meta":{"footnotes":""},"class_list":["post-22","page","type-page","status-publish","h-entry","hentry","h-as-page"],"_links":{"self":[{"href":"https:\/\/www.puppe-zerbst.de\/index.php?rest_route=\/wp\/v2\/pages\/22","targetHints":{"allow":["GET"]}}],"collection":[{"href":"https:\/\/www.puppe-zerbst.de\/index.php?rest_route=\/wp\/v2\/pages"}],"about":[{"href":"https:\/\/www.puppe-zerbst.de\/index.php?rest_route=\/wp\/v2\/types\/page"}],"author":[{"embeddable":true,"href":"https:\/\/www.puppe-zerbst.de\/index.php?rest_route=\/wp\/v2\/users\/1"}],"replies":[{"embeddable":true,"href":"https:\/\/www.puppe-zerbst.de\/index.php?rest_route=%2Fwp%2Fv2%2Fcomments&post=22"}],"version-history":[{"count":5,"href":"https:\/\/www.puppe-zerbst.de\/index.php?rest_route=\/wp\/v2\/pages\/22\/revisions"}],"predecessor-version":[{"id":114,"href":"https:\/\/www.puppe-zerbst.de\/index.php?rest_route=\/wp\/v2\/pages\/22\/revisions\/114"}],"wp:attachment":[{"href":"https:\/\/www.puppe-zerbst.de\/index.php?rest_route=%2Fwp%2Fv2%2Fmedia&parent=22"}],"curies":[{"name":"wp","href":"https:\/\/api.w.org\/{rel}","templated":true}]}}