{"id":2,"date":"2016-05-10T03:48:21","date_gmt":"2016-05-10T03:48:21","guid":{"rendered":"http:\/\/wp452m.a10-52-158-154.qa.plesk.ru\/wordpress\/?page_id=2"},"modified":"2024-03-08T08:05:09","modified_gmt":"2024-03-08T08:05:09","slug":"sample-page","status":"publish","type":"page","link":"https:\/\/www.puppe-zerbst.de\/","title":{"rendered":"Herzlich Willkommen bei uns!"},"content":{"rendered":"\n<p>Unser Team bietet Ihnen ein breites Leistungsspektrum.<\/p>\n\n\n\n<p>Beratung, Service und Versorgung mit modernsten Hilfsmitteln der Orthop\u00e4dietechnik, Rehatechnik, Medizintechnik sowie Inkontinenzversorgung.<\/p>\n\n\n\n<p class=\"has-text-align-center\">J\u00fcrgen Puppe GmbH<br>Medizintechnik &amp; Sanit\u00e4tshaus<br>Coswiger Str. 18<br>39261 Zerbst<\/p>\n\n\n\n<p class=\"has-text-align-center\">Tel: 03923\/780188<br>Fax: 03923\/780189<\/p>\n\n\n\n<p class=\"has-text-align-center\">mail: <a href=\"mailto:service@puppe-zerbst.de\">service@puppe-zerbst.de<\/a><\/p>\n\n\n\n<p><strong>Unsere \u00d6ffnungszeiten:<\/strong><\/p>\n\n\n\n<figure class=\"wp-block-table\"><table><tbody><tr><td>Montag<\/td><td>10:00 Uhr - 12:30 Uhr<\/td><td>13:30 Uhr 16:00 Uhr<\/td><\/tr><tr><td>Dienstag<\/td><td>10:00 Uhr - 12:30 Uhr<\/td><td>13:30 Uhr 17:00 Uhr<\/td><\/tr><tr><td>Mittwoch<\/td><td>10:00 Uhr - 12:30 Uhr<\/td><td>13:30 Uhr 16:00 Uhr<\/td><\/tr><tr><td>Donnerstag<\/td><td>10:00 Uhr - 12:30 Uhr<\/td><td>13:30 Uhr 18:00 Uhr<\/td><\/tr><tr><td>Freitag<\/td><td>09:00 Uhr - 12:00 Uhr<\/td><td>&nbsp;<\/td><\/tr><\/tbody><\/table><\/figure>\n","protected":false},"excerpt":{"rendered":"<p>Unser Team bietet Ihnen ein breites Leistungsspektrum. Beratung, Service und Versorgung mit modernsten Hilfsmitteln der Orthop\u00e4dietechnik, Rehatechnik, Medizintechnik sowie Inkontinenzversorgung. J\u00fcrgen Puppe GmbHMedizintechnik &amp; Sanit\u00e4tshausCoswiger Str. 1839261 Zerbst Tel: 03923\/780188Fax: 03923\/780189 mail: service@puppe-zerbst.de Unsere \u00d6ffnungszeiten: Montag 10:00 Uhr - 12:30 Uhr 13:30 Uhr 16:00 Uhr Dienstag 10:00 Uhr - 12:30 Uhr 13:30 Uhr 17:00 Uhr <a href=\"https:\/\/www.puppe-zerbst.de\/\" class=\"more-link\">...weiterlesen<span class=\"screen-reader-text\"> \"Herzlich Willkommen bei uns!\"<\/span><\/a><\/p>\n","protected":false},"author":1,"featured_media":0,"parent":0,"menu_order":0,"comment_status":"closed","ping_status":"open","template":"","meta":{"footnotes":""},"class_list":["post-2","page","type-page","status-publish","h-entry","hentry","h-as-page"],"_links":{"self":[{"href":"https:\/\/www.puppe-zerbst.de\/index.php?rest_route=\/wp\/v2\/pages\/2","targetHints":{"allow":["GET"]}}],"collection":[{"href":"https:\/\/www.puppe-zerbst.de\/index.php?rest_route=\/wp\/v2\/pages"}],"about":[{"href":"https:\/\/www.puppe-zerbst.de\/index.php?rest_route=\/wp\/v2\/types\/page"}],"author":[{"embeddable":true,"href":"https:\/\/www.puppe-zerbst.de\/index.php?rest_route=\/wp\/v2\/users\/1"}],"replies":[{"embeddable":true,"href":"https:\/\/www.puppe-zerbst.de\/index.php?rest_route=%2Fwp%2Fv2%2Fcomments&post=2"}],"version-history":[{"count":9,"href":"https:\/\/www.puppe-zerbst.de\/index.php?rest_route=\/wp\/v2\/pages\/2\/revisions"}],"predecessor-version":[{"id":129,"href":"https:\/\/www.puppe-zerbst.de\/index.php?rest_route=\/wp\/v2\/pages\/2\/revisions\/129"}],"wp:attachment":[{"href":"https:\/\/www.puppe-zerbst.de\/index.php?rest_route=%2Fwp%2Fv2%2Fmedia&parent=2"}],"curies":[{"name":"wp","href":"https:\/\/api.w.org\/{rel}","templated":true}]}}